{"id":138,"date":"2019-11-28T09:04:18","date_gmt":"2019-11-28T09:04:18","guid":{"rendered":"http:\/\/www.skillanalumni.fi\/?page_id=138"},"modified":"2019-11-28T09:08:25","modified_gmt":"2019-11-28T09:08:25","slug":"sahkokillan-alumni-ryn-saannot","status":"publish","type":"page","link":"http:\/\/www.skillanalumni.fi\/index.php\/yhdistys\/sahkokillan-alumni-ryn-saannot\/","title":{"rendered":"S\u00e4hk\u00f6killan Alumni ry:n s\u00e4\u00e4nn\u00f6t"},"content":{"rendered":"\n<p><strong>I LUKU Nimi, kotipaikka ja tarkoitus<\/strong><\/p>\n\n\n\n<p><strong> 1 \u00a7<br><\/strong> Yhdistyksen nimi on S\u00e4hk\u00f6killan Alumni ry. <\/p>\n\n\n\n<p>Yhdistyksen kotipaikka on Tampere ja virallinen kieli on suomi.<\/p>\n\n\n\n<p><strong> 2 \u00a7<br><\/strong> Yhdistyksen tarkoituksena on yhdist\u00e4\u00e4 Tampereen yliopiston s\u00e4hk\u00f6tekniikan tutkintoohjelmassa ja sen edelt\u00e4jiss\u00e4 opiskelleita, n\u00e4ist\u00e4 ohjelmista valmistuneita, sek\u00e4 muuten S\u00e4hk\u00f6killan toiminnassa mukana olleita henkil\u00f6it\u00e4 sek\u00e4 edist\u00e4\u00e4 alan opiskelijoiden ja alumnien v\u00e4list\u00e4 vuorovaikutusta. <\/p>\n\n\n\n<p>Tarkoituksensa toteuttamiseksi yhdistys j\u00e4rjest\u00e4\u00e4 j\u00e4senilleen verkostoitumista edist\u00e4vi\u00e4 ty\u00f6el\u00e4m\u00e4\u00e4n liittyvi\u00e4 tapahtumia, yritysvierailuja, koulutusta sek\u00e4 teekkarihenkist\u00e4 toimintaa ja toimii linkkin\u00e4 alumnien ja nykyisten opiskelijoiden v\u00e4lill\u00e4. <\/p>\n\n\n\n<p>Toimintansa tukemiseksi yhdistys voi harjoittaa julkaisutoimintaa, j\u00e4rjest\u00e4\u00e4 huvi- ja koulutustilaisuuksia, ottaa vastaan lahjoituksia ja testamentteja, omistaa toimintaansa varten tarpeellista kiinte\u00e4\u00e4 ja irtainta omaisuutta sek\u00e4 harjoittaa sellaista ansiotoimintaa, joka liittyy v\u00e4litt\u00f6m\u00e4sti s\u00e4\u00e4nn\u00f6iss\u00e4 m\u00e4\u00e4r\u00e4tyn tarkoituksen toteuttamiseen.<\/p>\n\n\n\n<p> <strong>II LUKU J\u00e4senet<\/strong><\/p>\n\n\n\n<p><strong> 3 \u00a7<\/strong><br>Yhdistyksen j\u00e4seni\u00e4 ovat ainaisj\u00e4senet sek\u00e4 kannatus- ja kunniaj\u00e4senet.<\/p>\n\n\n\n<p>Yhdistys pit\u00e4\u00e4 j\u00e4senist\u00e4\u00e4n j\u00e4senluetteloa, josta ilmenee v\u00e4hint\u00e4\u00e4n kunkin j\u00e4senen t\u00e4ydellinen nimi ja kotipaikka.<\/p>\n\n\n\n<p>Yhdistyksen ainaisj\u00e4seneksi voidaan hyv\u00e4ksy\u00e4 henkil\u00f6, joka hyv\u00e4ksyy yhdistyksen tarkoituksen ja s\u00e4\u00e4nn\u00f6t.<\/p>\n\n\n\n<p>Yhdistyksen kannatusj\u00e4seneksi voidaan hyv\u00e4ksy\u00e4 jokainen yksityinen henkil\u00f6 tai oikeuskelpoinen yhteis\u00f6, joka haluaa tukea yhdistyksen tarkoitusta ja toimintaa.<\/p>\n\n\n\n<p>Ainaisj\u00e4seneksi voi liitty\u00e4 ilmoittautumalla kirjallisesti yhdistyksen hallitukselle. Kannatusj\u00e4senet hyv\u00e4ksyy hakemuksesta yhdistyksen hallitus.<\/p>\n\n\n\n<p>Yhdistyksen kunniaj\u00e4seneksi voidaan hallituksen esityksest\u00e4 yhdistyksen kokouksessa kolmen nelj\u00e4sosan (3\/4) \u00e4\u00e4ntenenemmist\u00f6ll\u00e4 kutsua henkil\u00f6, joka on huomattavasti edist\u00e4nyt ja tukenut yhdistyksen toimintaa.<\/p>\n\n\n\n<p> <strong>4 \u00a7<\/strong><br>Yhdistyksen ainaisj\u00e4senet ovat velvollisia suorittamaan yhdistykselle kertaluontoisen ainaisj\u00e4senmaksun. Yhdistyksen kannatusj\u00e4senet ovat  velvollisia suorittamaan yhdistykselle kannatusj\u00e4senmaksun.<\/p>\n\n\n\n<p>Kannatusj\u00e4senmaksu on toimikausittainen ja voimassa kalenterivuoden. <br>J\u00e4senmaksujen suuruuden p\u00e4\u00e4tt\u00e4\u00e4 yhdistyksen kokous. Ainaisj\u00e4senen tulee <br>ilmoittautua yhdistykselle vuosittain. Yhdistyksen kunniaj\u00e4senet eiv\u00e4t ole  velvollisia suorittamaan j\u00e4senmaksua.<\/p>\n\n\n\n<p><strong> 5 \u00a7<\/strong><br>J\u00e4senell\u00e4 on oikeus milloin tahansa erota yhdistyksest\u00e4 ilmoittamalla siit\u00e4 kirjallisesti yhdistyksen hallitukselle tai sen puheenjohtajalle. J\u00e4sen voi my\u00f6s erota ilmoittamalla siit\u00e4 yhdistyksen kokouksessa p\u00f6yt\u00e4kirjaan merkitt\u00e4v\u00e4ksi. Erotessaan j\u00e4senen tulee maksaa mahdolliset velkansa, joita  h\u00e4nell\u00e4 on yhdistykselle sek\u00e4 luovuttaa yhdistykselle kuuluva omaisuus. J\u00e4senen erotessa yhdistyksest\u00e4 j\u00e4senmaksua ei palauteta.<\/p>\n\n\n\n<p><strong> 6 \u00a7<\/strong><br>Yhdistyksen hallitus voi erottaa j\u00e4senen yhdistyksest\u00e4, jos j\u00e4sen ei en\u00e4\u00e4 t\u00e4yt\u00e4 laissa tai yhdistyksen s\u00e4\u00e4nn\u00f6iss\u00e4 mainittuja j\u00e4senyyden ehtoja. Hallitus voi erottaa kannatusj\u00e4senen, joka ei ole maksanut j\u00e4senmaksuaan huhtikuun loppuun menness\u00e4. Hallitus voi erottaa ainaisj\u00e4senen, joka ei ainaisj\u00e4senmaksun suoritettuaan ole ilmoittautunut yhdistykselle viiten\u00e4 per\u00e4kk\u00e4isen\u00e4 vuotena.<\/p>\n\n\n\n<p>Yhdistyksen kokous voi erottaa j\u00e4senen yhdistyksest\u00e4, jos j\u00e4sen on j\u00e4tt\u00e4nyt t\u00e4ytt\u00e4m\u00e4tt\u00e4 ne velvoitukset, joihin h\u00e4n on yhdistykseen liittym\u00e4ll\u00e4 sitoutunut, tai on menettelyll\u00e4\u00e4n yhdistyksess\u00e4 tai sen ulkopuolella huomattavasti vahingoittanut yhdistyst\u00e4. T\u00e4ll\u00f6in asiasta on mainittava kokouskutsussa. Ennen p\u00e4\u00e4t\u00f6ksen tekemist\u00e4 asianomaiselle on varattava tilaisuus selityksen antamiseen asiassa.<\/p>\n\n\n\n<p>Jos yhdistyksen j\u00e4sen on menettelyll\u00e4\u00e4n yhdistyksess\u00e4 tai sen ulkopuolella<br>huomattavasti vahingoittanut yhdistyst\u00e4, voi hallitus ev\u00e4t\u00e4 j\u00e4senelt\u00e4 m\u00e4\u00e4r\u00e4ajaksi, kuitenkin enint\u00e4\u00e4n puoleksi vuodeksi, oikeuden osallistua yhdistyksen j\u00e4rjest\u00e4miin tilaisuuksiin.<\/p>\n\n\n\n<p><strong>III LUKU Hallinto<\/strong><\/p>\n\n\n\n<p><strong> 7 \u00a7<\/strong><br>Yhdistyksen asioita hoitaa vuosikokouksessa valittu hallitus. Hallituksen muodostavat puheenjohtaja ja kahdesta viiteen (2\u20135) muuta j\u00e4sent\u00e4. Hallitus valitsee keskuudestaan varapuheenjohtajan.<\/p>\n\n\n\n<p>Yhdistyksen toimikausi on kalenterivuosi.<\/p>\n\n\n\n<p>Perustellusta syyst\u00e4 yhdistyksen kokous voi vapauttaa hallituksen j\u00e4senen teht\u00e4v\u00e4st\u00e4\u00e4n kesken toimikauden, jolloin kokouskutsussa on mainittava asiasta. Teht\u00e4v\u00e4st\u00e4 vapautetun henkil\u00f6n tilalle voidaan tarvittaessa valita uusi j\u00e4ljell\u00e4 olevaksi toimikaudeksi.<\/p>\n\n\n\n<p><strong>8 \u00a7<\/strong><br>Hallituksen kokouksen kutsuu koolle hallituksen puheenjohtaja, h\u00e4nen estyneen\u00e4 ollessaan varapuheenjohtaja. Kokous pit\u00e4\u00e4 kutsua koolle my\u00f6s, jos v\u00e4hint\u00e4\u00e4n kaksi (2) hallituksen j\u00e4sent\u00e4 sit\u00e4 vaatii. Tavasta, jolla kokoukset kutsutaan koolle, p\u00e4\u00e4tt\u00e4\u00e4 hallitus.<\/p>\n\n\n\n<p>Hallituksen kokous on p\u00e4\u00e4t\u00f6svaltainen, kun se on hallituksen p\u00e4\u00e4tt\u00e4m\u00e4ll\u00e4 tavalla koolle kutsuttu ja l\u00e4sn\u00e4 on v\u00e4hint\u00e4\u00e4n puolet (1\/2) hallituksen j\u00e4senist\u00e4 mukaan lukien puheenjohtaja tai varapuheenjohtaja.<\/p>\n\n\n\n<p><strong> 9 \u00a7<\/strong><br>Yhdistyksen hallitus voi erityisi\u00e4 teht\u00e4vi\u00e4 varten asettaa toimikuntia tai toimihenkil\u00f6it\u00e4 m\u00e4\u00e4r\u00e4ajaksi, kuitenkin enint\u00e4\u00e4n oman toimikautensa ajaksi. Yhdistyksen hallitus voi antaa toimikuntien ja -henkil\u00f6iden toimintaan liittyvi\u00e4 s\u00e4\u00e4nt\u00f6j\u00e4 ja m\u00e4\u00e4r\u00e4yksi\u00e4.<\/p>\n\n\n\n<p>Perustellusta syyst\u00e4 yhdistyksen hallitus voi vapauttaa toimihenkil\u00f6n tai -kunnan teht\u00e4v\u00e4st\u00e4\u00e4n kesken toimikauden, jolloin kokouskutsussa on mainittava asiasta. Teht\u00e4v\u00e4st\u00e4 vapautetun henkil\u00f6n tai toimikunnan tilalle voidaan tarvittaessa valita uusi toimihenkil\u00f6 tai -kunta j\u00e4ljell\u00e4 olevaksi toimikaudeksi.<\/p>\n\n\n\n<p><strong> 10 \u00a7<br><\/strong>Yhdistyksen nimen kirjoittaa hallituksen puheenjohtaja yksin tai varapuheenjohtaja yhdess\u00e4 hallituksen j\u00e4senen kanssa. Hallitus voi erityist\u00e4 tarkoitusta varten my\u00f6nt\u00e4\u00e4 nimenkirjoitusoikeuden m\u00e4\u00e4r\u00e4tylle henkil\u00f6lle.<\/p>\n\n\n\n<p><strong> 11 \u00a7<\/strong><br>Yhdistyksen tilikausi on kalenterivuosi.<\/p>\n\n\n\n<p>Yhdistyksen hallintoa ja taloutta valvoo toiminnantarkastaja ja h\u00e4nen varahenkil\u00f6ns\u00e4. Toiminnantarkastajan toimikausi on kalenterivuosi.<\/p>\n\n\n\n<p>Yhdistyksen kirjanpitoasiakirjat on toimitettava toiminnantarkastajalle tarkastettavaksi viimeist\u00e4\u00e4n kuutta (6) viikkoa ennen vuosikokousta ja muutenkin toiminnantarkastajan sit\u00e4 pyyt\u00e4ess\u00e4. Toiminnantarkastajan tulee toimittaa asiakirjat ja toiminnantarkastuskertomus yhdistyksen hallitukselle viimeist\u00e4\u00e4n kahta (2) viikkoa ennen vuosikokousta.<\/p>\n\n\n\n<p><strong>IV LUKU Kokoukset<\/strong><\/p>\n\n\n\n<p><strong> 12 \u00a7<\/strong><br>Yhdistyksen vuosikokous pidet\u00e4\u00e4n huhtikuun loppuun menness\u00e4 hallituksen m\u00e4\u00e4r\u00e4\u00e4m\u00e4n\u00e4 p\u00e4iv\u00e4n\u00e4.<\/p>\n\n\n\n<p>Yhdistyksen vuosikokouksessa k\u00e4sitell\u00e4\u00e4n seuraavat asiat:<\/p>\n\n\n\n<ol class=\"wp-block-list\"><li>Kokouksen avaus<\/li><li>Valitaan kokouksen puheenjohtaja, sihteeri, kaksi p\u00f6yt\u00e4kirjantarkastajaa ja tarvittaessa kaksi \u00e4\u00e4ntenlaskijaa<\/li><li>Todetaan kokouksen laillisuus ja p\u00e4\u00e4t\u00f6svaltaisuus<\/li><li>Hyv\u00e4ksyt\u00e4\u00e4n kokouksen ty\u00f6j\u00e4rjestys<\/li><li>Esitet\u00e4\u00e4n tilinp\u00e4\u00e4t\u00f6s, vuosikertomus ja toiminnantarkastajien lausunto<\/li><li>P\u00e4\u00e4tet\u00e4\u00e4n tilinp\u00e4\u00e4t\u00f6ksen vahvistamisesta ja vastuuvapauden my\u00f6nt\u00e4misest\u00e4 hallitukselle ja muille vastuuvelvollisille<\/li><li>Vahvistetaan toimintasuunnitelma, tulo- ja menoarvio sek\u00e4 j\u00e4senmaksujen suuruudet seuraavalle kalenterivuodelle<\/li><li>Valitaan hallituksen puheenjohtaja ja muut j\u00e4senet<\/li><li>Valitaan toiminnantarkastaja ja h\u00e4nelle varatoiminnantarkastaja<\/li><li>K\u00e4sitell\u00e4\u00e4n muut kokouskutsussa mainitut asiat<\/li><\/ol>\n\n\n\n<p>Mik\u00e4li yhdistyksen j\u00e4sen haluaa saada jonkin asian yhdistyksen vuosikokouksen k\u00e4sitelt\u00e4v\u00e4ksi, on h\u00e4nen ilmoitettava siit\u00e4 kirjallisesti hallitukselle niin hyviss\u00e4 ajoin, ett\u00e4 asia voidaan sis\u00e4llytt\u00e4\u00e4 kokouskutsuun.<\/p>\n\n\n\n<p><strong> 13 \u00a7<br><\/strong>Ylim\u00e4\u00e4r\u00e4inen kokous pidet\u00e4\u00e4n, kun yhdistyksen kokous niin p\u00e4\u00e4tt\u00e4\u00e4 tai hallitus katsoo siihen olevan aihetta taikka v\u00e4hint\u00e4\u00e4n yksi kymmenesosa tai kymmenen (10) yhdistyksen \u00e4\u00e4nioikeutetuista j\u00e4senist\u00e4 sit\u00e4 ilmoittamansa asian k\u00e4sittely\u00e4 varten vaatii. Kokous on pidett\u00e4v\u00e4 kolmenkymmenen (30) vuorokauden kuluessa siit\u00e4, kun vaatimus sen pit\u00e4misest\u00e4 on esitetty hallitukselle kirjallisesti.<\/p>\n\n\n\n<p><strong> 14 \u00a7<\/strong><br>Yhdistyksen kokouksessa jokaisella yhdistyksen ainaisj\u00e4senell\u00e4 ja kunniaj\u00e4senell\u00e4 on yksi \u00e4\u00e4ni. Kannatusj\u00e4senill\u00e4 on kokouksissa vain l\u00e4sn\u00e4olo- ja puheoikeus. Valtakirjalla ei saa \u00e4\u00e4nest\u00e4\u00e4.<\/p>\n\n\n\n<p>Yhdistyksen kokouksissa valitaan kokouksen p\u00f6yt\u00e4kirjan tarkastajiksi kaksi (2) p\u00f6yt\u00e4kirjantarkastajaa. Tarkastus on teht\u00e4v\u00e4 kahden (2) viikon kuluessa kokouksesta.<\/p>\n\n\n\n<p><strong> 15 \u00a7<br><\/strong>Yhdistyksen vuosikokouksista on ilmoitettava v\u00e4hint\u00e4\u00e4n kuutta (6) viikkoa ennen kokousta j\u00e4senist\u00f6n s\u00e4hk\u00f6postilistalla. Kokouskutsussa on mainittava kokouksen aika ja paikka. Sen yhteydess\u00e4 on esitett\u00e4v\u00e4 my\u00f6s esityslista. Yhdistyksen ylim\u00e4\u00e4r\u00e4inen kokous on kutsuttava koolle v\u00e4hint\u00e4\u00e4n kaksi (2) viikkoa ennen kokousta.<\/p>\n\n\n\n<p>Yhdistyksen kokous on p\u00e4\u00e4t\u00f6svaltainen, jos se on s\u00e4\u00e4nt\u00f6jen mukaisesti koolle kutsuttu.<\/p>\n\n\n\n<p><strong> 16 \u00a7<\/strong><br>Yhdistyksen kokouksen p\u00e4\u00e4t\u00f6kseksi tulee, ellei s\u00e4\u00e4nn\u00f6iss\u00e4 ole toisin m\u00e4\u00e4r\u00e4tty, se mielipide, jota on kannattanut yli puolet annetuista \u00e4\u00e4nist\u00e4. \u00c4\u00e4nten menness\u00e4 tasan ratkaisee kokouksen puheenjohtajan \u00e4\u00e4ni, vaaleissa kuitenkin arpa.<\/p>\n\n\n\n<p>\u00c4\u00e4nestyksess\u00e4 k\u00e4ytet\u00e4\u00e4n avointa \u00e4\u00e4nestyst\u00e4, ellei v\u00e4hint\u00e4\u00e4n kaksi (2) kokouksessa l\u00e4sn\u00e4 olevaa \u00e4\u00e4nioikeutettua j\u00e4sent\u00e4 vaadi suljettua \u00e4\u00e4nestyst\u00e4. Jos k\u00e4sitelt\u00e4v\u00e4st\u00e4 asiasta on useita p\u00e4\u00e4t\u00f6sehdotuksia, noudatetaan kokouksen puheenjohtajan p\u00e4\u00e4tt\u00e4m\u00e4\u00e4 soveltuvaa \u00e4\u00e4nestysj\u00e4rjestyst\u00e4. Kokouksen puheenjohtaja antaa \u00e4\u00e4nestyst\u00e4<br> t\u00e4sment\u00e4v\u00e4t ohjeet ennen \u00e4\u00e4nestyksen suorittamista.<\/p>\n\n\n\n<p><strong> 17 \u00a7<\/strong><br>Milloin vaaleissa on valittavana vain yksi henkil\u00f6, h\u00e4nen on saatava v\u00e4hint\u00e4\u00e4n puolet (1\/2) annetuista \u00e4\u00e4nist\u00e4. Mik\u00e4li ensimm\u00e4isell\u00e4 kierroksella kukaan ei ole saanut ehdotonta \u00e4\u00e4nten enemmist\u00f6\u00e4, suoritetaan uusi vaali kahden (2) ensimm\u00e4isess\u00e4 \u00e4\u00e4nestyksess\u00e4 eniten \u00e4\u00e4ni\u00e4 saaneen v\u00e4lill\u00e4.<\/p>\n\n\n\n<p><strong> 18 \u00a7<\/strong><br>Jos on valittavana useita henkil\u00f6it\u00e4, toimitetaan vaalit suhteellisena siten, ett\u00e4 se suoritetaan ehdokaslistoja k\u00e4ytt\u00e4m\u00e4tt\u00e4 niin, ett\u00e4 vaalissa jokainen annettu \u00e4\u00e4ni jaetaan vaalilippuun merkittyjen ehdokkaiden kesken ensimm\u00e4isen\u00e4 olevan ehdokkaan saadessa yhden \u00e4\u00e4nen, toisena olevan puoli \u00e4\u00e4nt\u00e4, kolmantena olevan yhden kolmasosan \u00e4\u00e4nest\u00e4 ja niin edelleen ja valituksi tulevat m\u00e4\u00e4r\u00e4ytyv\u00e4t ehdokkaiden saamien \u00e4\u00e4nien mukaisessa j\u00e4rjestyksess\u00e4.<\/p>\n\n\n\n<p><strong> 19\u00a7<\/strong><br>Annettujen \u00e4\u00e4nien lukum\u00e4\u00e4r\u00e4\u00e4 laskettaessa ei oteta huomioon \u00e4\u00e4nioikeutettuja, jotka eiv\u00e4t ole \u00e4\u00e4nest\u00e4neet, koska eiv\u00e4t ole saapuneet kokoukseen, jotka eiv\u00e4t ole halunneet \u00e4\u00e4nest\u00e4\u00e4 tai joilta puuttuu muodollinen \u00e4\u00e4nioikeus kyseess\u00e4 olevassa kokouksessa tai asiassa; eik\u00e4 annettuja \u00e4\u00e4ni\u00e4, jotka ovat tyhji\u00e4 tai hyl\u00e4ttyj\u00e4.<\/p>\n\n\n\n<p><strong> V LUKU ERITYISI\u00c4 M\u00c4\u00c4R\u00c4YKSI\u00c4<\/strong><\/p>\n\n\n\n<p><strong> 20 \u00a7<\/strong><br>Muutoksia n\u00e4ihin s\u00e4\u00e4nt\u00f6ihin voidaan tehd\u00e4, jos muutosesitys on hyv\u00e4ksytty v\u00e4hint\u00e4\u00e4n kolmen nelj\u00e4sosan (3\/4) \u00e4\u00e4ntenenemmist\u00f6ll\u00e4 kahdessa (2) per\u00e4kk\u00e4isess\u00e4 yhdistyksen kokouksessa, joiden v\u00e4li on v\u00e4hint\u00e4\u00e4n kaksi (2) kuukautta. Kokouskutsussa on mainittava muuttamisesta. Muutosesityksen voi tehd\u00e4 hallitus tai kymmenen (10) yhdistyksen ainaisj\u00e4sent\u00e4 kirjallisena hallitukselle. Ainaisj\u00e4senten tekem\u00e4 ehdotus on k\u00e4sitelt\u00e4v\u00e4 seuraavassa yhdistyksen kokouksessa.<\/p>\n\n\n\n<p><strong> 21 \u00a7<\/strong><br>P\u00e4\u00e4t\u00f6s yhdistyksen purkautumisesta on teht\u00e4v\u00e4 kahdessa per\u00e4kk\u00e4isess\u00e4 yhdistyksen kokouksessa, joiden v\u00e4li on v\u00e4hint\u00e4\u00e4n kolme (3) kuukautta, kolmen nelj\u00e4sosan (3\/4) \u00e4\u00e4ntenenemmist\u00f6ll\u00e4. Kokouskutsussa on mainittava yhdistyksen purkamisesta. Yhdistyksen purkauduttua sen varat luovutetaan \u00a72 mukaiseen tarkoitukseen j\u00e4lkimm\u00e4isen purkamisesta p\u00e4\u00e4tt\u00e4neen kokouksen m\u00e4\u00e4r\u00e4\u00e4m\u00e4ll\u00e4 tavalla. Yhdistyksen tullessa lakkautetuksi k\u00e4ytet\u00e4\u00e4n varat samaan tarkoitukseen. <\/p>\n\n\n\n<p><strong> 22 \u00a7<\/strong><br>N\u00e4m\u00e4 s\u00e4\u00e4nn\u00f6t astuvat voimaan, kun ne merkit\u00e4\u00e4n yhdistysrekisteriin.<\/p>\n","protected":false},"excerpt":{"rendered":"<p>I LUKU Nimi, kotipaikka ja tarkoitus 1 \u00a7 Yhdistyksen nimi on S\u00e4hk\u00f6killan Alumni ry. Yhdistyksen kotipaikka on Tampere ja virallinen kieli on suomi. 2 \u00a7 Yhdistyksen tarkoituksena on yhdist\u00e4\u00e4 Tampereen yliopiston s\u00e4hk\u00f6tekniikan tutkintoohjelmassa ja sen edelt\u00e4jiss\u00e4 opiskelleita, n\u00e4ist\u00e4 ohjelmista valmistuneita, sek\u00e4 muuten S\u00e4hk\u00f6killan toiminnassa mukana olleita henkil\u00f6it\u00e4 sek\u00e4 edist\u00e4\u00e4 alan opiskelijoiden ja alumnien v\u00e4list\u00e4 vuorovaikutusta. Tarkoituksensa toteuttamiseksi yhdistys j\u00e4rjest\u00e4\u00e4 j\u00e4senilleen verkostoitumista edist\u00e4vi\u00e4 ty\u00f6el\u00e4m\u00e4\u00e4n liittyvi\u00e4 tapahtumia, yritysvierailuja, koulutusta sek\u00e4 teekkarihenkist\u00e4&hellip;<\/p>\n<p> <a class=\"more-link\" href=\"http:\/\/www.skillanalumni.fi\/index.php\/yhdistys\/sahkokillan-alumni-ryn-saannot\/\">Read more<\/a><\/p>\n","protected":false},"author":1,"featured_media":0,"parent":21,"menu_order":1,"comment_status":"closed","ping_status":"closed","template":"","meta":{"footnotes":""},"class_list":["post-138","page","type-page","status-publish"],"featured_image_src":null,"_links":{"self":[{"href":"http:\/\/www.skillanalumni.fi\/index.php\/wp-json\/wp\/v2\/pages\/138","targetHints":{"allow":["GET"]}}],"collection":[{"href":"http:\/\/www.skillanalumni.fi\/index.php\/wp-json\/wp\/v2\/pages"}],"about":[{"href":"http:\/\/www.skillanalumni.fi\/index.php\/wp-json\/wp\/v2\/types\/page"}],"author":[{"embeddable":true,"href":"http:\/\/www.skillanalumni.fi\/index.php\/wp-json\/wp\/v2\/users\/1"}],"replies":[{"embeddable":true,"href":"http:\/\/www.skillanalumni.fi\/index.php\/wp-json\/wp\/v2\/comments?post=138"}],"version-history":[{"count":4,"href":"http:\/\/www.skillanalumni.fi\/index.php\/wp-json\/wp\/v2\/pages\/138\/revisions"}],"predecessor-version":[{"id":144,"href":"http:\/\/www.skillanalumni.fi\/index.php\/wp-json\/wp\/v2\/pages\/138\/revisions\/144"}],"up":[{"embeddable":true,"href":"http:\/\/www.skillanalumni.fi\/index.php\/wp-json\/wp\/v2\/pages\/21"}],"wp:attachment":[{"href":"http:\/\/www.skillanalumni.fi\/index.php\/wp-json\/wp\/v2\/media?parent=138"}],"curies":[{"name":"wp","href":"https:\/\/api.w.org\/{rel}","templated":true}]}}