{"id":19,"date":"2019-11-08T21:48:15","date_gmt":"2019-11-08T21:48:15","guid":{"rendered":"http:\/\/www.skillanalumni.fi\/?page_id=19"},"modified":"2023-06-27T09:56:00","modified_gmt":"2023-06-27T09:56:00","slug":"tapahtumat","status":"publish","type":"page","link":"http:\/\/www.skillanalumni.fi\/index.php\/tapahtumat\/","title":{"rendered":"Tapahtumat"},"content":{"rendered":"\n<p class=\"has-normal-font-size\">S\u00e4hk\u00f6killan Alumni ry j\u00e4rjest\u00e4\u00e4 vuosittain tapahtumia j\u00e4senilleen. Tapahtumien sis\u00e4lt\u00f6 riippuu j\u00e4senten toiveista, ja ehdotuksia niiden luonteesta otetaan mielell\u00e4\u00e4n vastaan. Kiinteit\u00e4 tapahtumia ei ole s\u00e4\u00e4nt\u00f6ihin lukkoon ly\u00f6ty, mutta ainakin yhdistyksen alkuvaiheessa vuosittain Wapun tienoilla j\u00e4rjestett\u00e4v\u00e4 vuosikokous + vuosikokoussauna l\u00f6ytynee <span style=\"text-decoration: underline;\"><a href=\"http:\/\/www.skillanalumni.fi\/index.php\/events\/\">kalenterista<\/a><\/span>.<\/p>\n\n\n\n<p class=\"has-normal-font-size\">Muista mahdollisista tulevista tapahtumista kerrotaan erikseen n\u00e4iden sivujen lis\u00e4ksi my\u00f6s j\u00e4senist\u00f6n s\u00e4hk\u00f6postilistan kautta. Liity siis j\u00e4seneksi nauttiakseksi ensi tilassa uusista tilannep\u00e4ivityksist\u00e4! <\/p>\n\n\n\n<p class=\"has-normal-font-size\">Alapuolelta l\u00f6ytyy my\u00f6s yhdistyksen kalenteri, johon merkataan tapahtumat jotka yhdistys j\u00e4rjest\u00e4\u00e4, sek\u00e4 Skillan tapahtumat, joihin my\u00f6s alumni on kutsuttu! Kalenterin voi lis\u00e4t\u00e4 my\u00f6s omaan Google-kalenteriinsa <a href=\"https:\/\/calendar.google.com\/calendar\/u\/1?cid=NDYzZTMyZWQ4OTI2ZDA4OGZlMzAxYzk2NzEzMmRkOGI3MzQ3NWYyYjBhMjI1OTBhNmZjMjk3MDdhOTI2NWE2OEBncm91cC5jYWxlbmRhci5nb29nbGUuY29t\">t\u00e4m\u00e4n linkin avulla.<\/a><\/p>\n\n\n\n<iframe loading=\"lazy\" src=\"https:\/\/calendar.google.com\/calendar\/embed?src=463e32ed8926d088fe301c967132dd8b73475f2b0a22590a6fc29707a9265a68%40group.calendar.google.com&#038;ctz=Europe%2FHelsinki\" style=\"border: 0\" width=\"800\" height=\"600\" frameborder=\"0\" scrolling=\"no\"><\/iframe>\n","protected":false},"excerpt":{"rendered":"<p>S\u00e4hk\u00f6killan Alumni ry j\u00e4rjest\u00e4\u00e4 vuosittain tapahtumia j\u00e4senilleen. Tapahtumien sis\u00e4lt\u00f6 riippuu j\u00e4senten toiveista, ja ehdotuksia niiden luonteesta otetaan mielell\u00e4\u00e4n vastaan. Kiinteit\u00e4 tapahtumia ei ole s\u00e4\u00e4nt\u00f6ihin lukkoon ly\u00f6ty, mutta ainakin yhdistyksen alkuvaiheessa vuosittain Wapun tienoilla j\u00e4rjestett\u00e4v\u00e4 vuosikokous + vuosikokoussauna l\u00f6ytynee kalenterista. Muista mahdollisista tulevista tapahtumista kerrotaan erikseen n\u00e4iden sivujen lis\u00e4ksi my\u00f6s j\u00e4senist\u00f6n s\u00e4hk\u00f6postilistan kautta. Liity siis j\u00e4seneksi nauttiakseksi ensi tilassa uusista tilannep\u00e4ivityksist\u00e4! Alapuolelta l\u00f6ytyy my\u00f6s yhdistyksen kalenteri, johon merkataan tapahtumat jotka&hellip;<\/p>\n<p> <a class=\"more-link\" href=\"http:\/\/www.skillanalumni.fi\/index.php\/tapahtumat\/\">Read more<\/a><\/p>\n","protected":false},"author":1,"featured_media":0,"parent":0,"menu_order":1,"comment_status":"closed","ping_status":"closed","template":"","meta":{"footnotes":""},"class_list":["post-19","page","type-page","status-publish"],"featured_image_src":null,"_links":{"self":[{"href":"http:\/\/www.skillanalumni.fi\/index.php\/wp-json\/wp\/v2\/pages\/19","targetHints":{"allow":["GET"]}}],"collection":[{"href":"http:\/\/www.skillanalumni.fi\/index.php\/wp-json\/wp\/v2\/pages"}],"about":[{"href":"http:\/\/www.skillanalumni.fi\/index.php\/wp-json\/wp\/v2\/types\/page"}],"author":[{"embeddable":true,"href":"http:\/\/www.skillanalumni.fi\/index.php\/wp-json\/wp\/v2\/users\/1"}],"replies":[{"embeddable":true,"href":"http:\/\/www.skillanalumni.fi\/index.php\/wp-json\/wp\/v2\/comments?post=19"}],"version-history":[{"count":8,"href":"http:\/\/www.skillanalumni.fi\/index.php\/wp-json\/wp\/v2\/pages\/19\/revisions"}],"predecessor-version":[{"id":300,"href":"http:\/\/www.skillanalumni.fi\/index.php\/wp-json\/wp\/v2\/pages\/19\/revisions\/300"}],"wp:attachment":[{"href":"http:\/\/www.skillanalumni.fi\/index.php\/wp-json\/wp\/v2\/media?parent=19"}],"curies":[{"name":"wp","href":"https:\/\/api.w.org\/{rel}","templated":true}]}}