{"id":81,"date":"2019-11-20T18:53:45","date_gmt":"2019-11-20T18:53:45","guid":{"rendered":"http:\/\/www.skillanalumni.fi\/?page_id=81"},"modified":"2025-10-27T18:23:01","modified_gmt":"2025-10-27T18:23:01","slug":"tapahtumarekisterin-tietosuojaseloste","status":"publish","type":"page","link":"http:\/\/www.skillanalumni.fi\/index.php\/yhdistys\/tapahtumarekisterin-tietosuojaseloste\/","title":{"rendered":"Tapahtumarekisterin tietosuojaseloste"},"content":{"rendered":"\n<h1 class=\"wp-block-heading\">Skillan alumni ry:n tapahtumarekisterin tietosuojaseloste<\/h1>\n\n\n\n<p>T\u00e4m\u00e4 dokumentti on Skillan alumni ry:n EU:n yleisen tietosuoja-asetuksen mukainen rekisteri-ja tietosuojaseloste.&nbsp;<\/p>\n\n\n\n<p>Viimeisin muutos: 15.11.2019<\/p>\n\n\n\n<h2 class=\"wp-block-heading\">1 Rekisterinpit\u00e4j\u00e4 ja rekisterin yhteyshenkil\u00f6t<\/h2>\n\n\n\n<p>Nimi: Skillan alumni ry<\/p>\n\n\n\n<p>Osoite: Makkaraj\u00e4rvenkatu 52 A 14, 33720 Tampere<\/p>\n\n\n\n<p>Y-tunnus: 3084517-8<\/p>\n\n\n\n<p>Yhteyshenkil\u00f6t: hallituksen rekisterivastaava <strong>Kristo Siiskonen<\/strong> (it(at)skillanalumni.fi) sek\u00e4 puheenjohtaja <strong>Kaisa Kjellman<\/strong> (pj(at)skillanalumni.fi)<\/p>\n\n\n\n<h2 class=\"wp-block-heading\">2 Rekister\u00f6idyt<\/h2>\n\n\n\n<p>Rekisteriss\u00e4 k\u00e4sitell\u00e4\u00e4n Skillan alumni ry:n (j\u00e4ljemp\u00e4n\u00e4 \u201dYhdistys\u201d) j\u00e4senten, kunniaj\u00e4senten sek\u00e4 kannatusj\u00e4senten henkil\u00f6tietoja.<\/p>\n\n\n\n<h2 class=\"wp-block-heading\">3 K\u00e4sittelyn tarkoitukset ja k\u00e4sittelyperuste<\/h2>\n\n\n\n<p>Henkil\u00f6tietojen k\u00e4sittelyn tarkoituksena on Yhdistyksen palvelujen tarjonta Yhdistyksen j\u00e4senille ja sidosryhmille.&nbsp;<\/p>\n\n\n\n<h2 class=\"wp-block-heading\">4 Rekisterin tietosis\u00e4lt\u00f6<\/h2>\n\n\n\n<p>Yhdistys k\u00e4sittelee seuraavia j\u00e4sentens\u00e4 henkil\u00f6tietoja:<\/p>\n\n\n\n<ul class=\"wp-block-list\">\n<li>Nimi<\/li>\n\n\n\n<li>S\u00e4hk\u00f6postiosoite ja puhelinnumero<\/li>\n\n\n\n<li>Erityisruokavalio<\/li>\n\n\n\n<li>Suostumus yhdist\u00e4\u00e4 ilmoittautujan yhteystiedot j\u00e4senrekisteriin<\/li>\n\n\n\n<li>Mahdolliset tapahtumakohtaiset lis\u00e4tiedot<\/li>\n<\/ul>\n\n\n\n<h2 class=\"wp-block-heading\">5 S\u00e4\u00e4nn\u00f6nmukaiset tietol\u00e4hteet<\/h2>\n\n\n\n<p>Henkil\u00f6tiedot ker\u00e4t\u00e4\u00e4n rekister\u00f6idyilt\u00e4 itselt\u00e4\u00e4n tapahtumaan ilmoittautumisen yhteydess\u00e4.<\/p>\n\n\n\n<h2 class=\"wp-block-heading\">6 Henkil\u00f6tietojen s\u00e4\u00e4nn\u00f6nmukaiset luovutukset ja siirrot<\/h2>\n\n\n\n<p>Henkil\u00f6tietoja voidaan luovuttaa tai siirt\u00e4\u00e4 Yhdistyksen yhteisty\u00f6kumppaneille Yhdistyksen tapahtumiin liittyvien toimenpiteiden ja palveluiden toteuttamiseksi.<\/p>\n\n\n\n<p>Tapahtumissa, jotka j\u00e4rjestet\u00e4\u00e4n yhdess\u00e4 jonkin toisen tahon kanssa, voivat kaikki j\u00e4rjest\u00e4v\u00e4t tahot tarkkailla ilmoittautumistietoja.<\/p>\n\n\n\n<h2 class=\"wp-block-heading\">6 Henkil\u00f6tietojen luovutus EU:n tai ETA:n ulkopuolelle<\/h2>\n\n\n\n<p>Henkil\u00f6tietoja ei siirret\u00e4 Euroopan unionin tai Euroopan talousalueen ulkopuolelle.<\/p>\n\n\n\n<h2 class=\"wp-block-heading\">7 Henkil\u00f6tietojen s\u00e4ilytysaika<\/h2>\n\n\n\n<p>Tapahtuman p\u00e4\u00e4ttymisen j\u00e4lkeen tapahtumakohtaiset henkil\u00f6tiedot poistetaan palautekyselyn l\u00e4hett\u00e4misen j\u00e4lkeen viiveett\u00e4, kuitenkin viimeist\u00e4\u00e4n kahden viikon kuluessa.<\/p>\n\n\n\n<h2 class=\"wp-block-heading\">8 Tietoturva<\/h2>\n\n\n\n<p>J\u00e4sentietoja s\u00e4ilytet\u00e4\u00e4n vain luotettavan ja EU:n tietosuojalains\u00e4\u00e4d\u00e4nt\u00f6\u00e4 noudattavan kolmannen osapuolen palvelimilla. P\u00e4\u00e4sy j\u00e4sentietoihin on vain Yhdistyksen hallituksen j\u00e4senill\u00e4. J\u00e4senrekisteri on salasanasuojattu. Yhdistyksen ulkopuolelle l\u00e4hetett\u00e4v\u00e4t henkil\u00f6tiedot salataan.<\/p>\n\n\n\n<h2 class=\"wp-block-heading\">9 Rekister\u00f6idyn oikeudet<\/h2>\n\n\n\n<p>Rekister\u00f6idyll\u00e4 on oikeus soveltuvan tietosuojalains\u00e4\u00e4d\u00e4nn\u00f6n mukaisesti milloin tahansa&nbsp;<\/p>\n\n\n\n<ul class=\"wp-block-list\">\n<li>saada tieto henkil\u00f6tietojensa k\u00e4sittelyst\u00e4;<\/li>\n\n\n\n<li>saada p\u00e4\u00e4sy omiin tietoihinsa ja tarkastaa itse\u00e4\u00e4n koskevat Yhdistyksen k\u00e4sittelem\u00e4t henkil\u00f6tiedot;<\/li>\n\n\n\n<li>vaatia ep\u00e4tarkan ja virheellisen henkil\u00f6tiedon oikaisua ja tietojen t\u00e4ydent\u00e4mist\u00e4;<\/li>\n\n\n\n<li>vaatia henkil\u00f6tietojensa poistamista<\/li>\n<\/ul>\n\n\n\n<p>Rekister\u00f6idyn tulee esitt\u00e4\u00e4 edell\u00e4 mainitun oikeuden toteuttamista koskeva pyynt\u00f6 t\u00e4m\u00e4n tietosuojaselosteen Yhteydenotot-kohdan mukaisesti.<\/p>\n\n\n\n<h2 class=\"wp-block-heading\">10 Yhteydenotot<\/h2>\n\n\n\n<p>Rekister\u00f6idyn oikeuksien k\u00e4ytt\u00e4mist\u00e4 koskevat pyynn\u00f6t, kysymykset t\u00e4st\u00e4 tietosuojaselosteesta ja muut yhteydenotot tulee tehd\u00e4 s\u00e4hk\u00f6postitse Yhdistyksen rekisterivastaavalle tai puheenjohtajalle.<br><\/p>\n","protected":false},"excerpt":{"rendered":"<p>Skillan alumni ry:n tapahtumarekisterin tietosuojaseloste T\u00e4m\u00e4 dokumentti on Skillan alumni ry:n EU:n yleisen tietosuoja-asetuksen mukainen rekisteri-ja tietosuojaseloste.&nbsp; Viimeisin muutos: 15.11.2019 1 Rekisterinpit\u00e4j\u00e4 ja rekisterin yhteyshenkil\u00f6t Nimi: Skillan alumni ry Osoite: Makkaraj\u00e4rvenkatu 52 A 14, 33720 Tampere Y-tunnus: 3084517-8 Yhteyshenkil\u00f6t: hallituksen rekisterivastaava Kristo Siiskonen (it(at)skillanalumni.fi) sek\u00e4 puheenjohtaja Kaisa Kjellman (pj(at)skillanalumni.fi) 2 Rekister\u00f6idyt Rekisteriss\u00e4 k\u00e4sitell\u00e4\u00e4n Skillan alumni ry:n (j\u00e4ljemp\u00e4n\u00e4 \u201dYhdistys\u201d) j\u00e4senten, kunniaj\u00e4senten sek\u00e4 kannatusj\u00e4senten henkil\u00f6tietoja. 3 K\u00e4sittelyn tarkoitukset ja k\u00e4sittelyperuste Henkil\u00f6tietojen&hellip;<\/p>\n<p> <a class=\"more-link\" href=\"http:\/\/www.skillanalumni.fi\/index.php\/yhdistys\/tapahtumarekisterin-tietosuojaseloste\/\">Read more<\/a><\/p>\n","protected":false},"author":1,"featured_media":0,"parent":21,"menu_order":1,"comment_status":"closed","ping_status":"closed","template":"","meta":{"footnotes":""},"class_list":["post-81","page","type-page","status-publish"],"featured_image_src":null,"_links":{"self":[{"href":"http:\/\/www.skillanalumni.fi\/index.php\/wp-json\/wp\/v2\/pages\/81","targetHints":{"allow":["GET"]}}],"collection":[{"href":"http:\/\/www.skillanalumni.fi\/index.php\/wp-json\/wp\/v2\/pages"}],"about":[{"href":"http:\/\/www.skillanalumni.fi\/index.php\/wp-json\/wp\/v2\/types\/page"}],"author":[{"embeddable":true,"href":"http:\/\/www.skillanalumni.fi\/index.php\/wp-json\/wp\/v2\/users\/1"}],"replies":[{"embeddable":true,"href":"http:\/\/www.skillanalumni.fi\/index.php\/wp-json\/wp\/v2\/comments?post=81"}],"version-history":[{"count":6,"href":"http:\/\/www.skillanalumni.fi\/index.php\/wp-json\/wp\/v2\/pages\/81\/revisions"}],"predecessor-version":[{"id":390,"href":"http:\/\/www.skillanalumni.fi\/index.php\/wp-json\/wp\/v2\/pages\/81\/revisions\/390"}],"up":[{"embeddable":true,"href":"http:\/\/www.skillanalumni.fi\/index.php\/wp-json\/wp\/v2\/pages\/21"}],"wp:attachment":[{"href":"http:\/\/www.skillanalumni.fi\/index.php\/wp-json\/wp\/v2\/media?parent=81"}],"curies":[{"name":"wp","href":"https:\/\/api.w.org\/{rel}","templated":true}]}}