{"id":83,"date":"2019-11-20T18:51:58","date_gmt":"2019-11-20T18:51:58","guid":{"rendered":"http:\/\/www.skillanalumni.fi\/?page_id=83"},"modified":"2019-11-20T18:51:58","modified_gmt":"2019-11-20T18:51:58","slug":"tietosuojapolitiikka","status":"publish","type":"page","link":"http:\/\/www.skillanalumni.fi\/index.php\/yhdistys\/tietosuojapolitiikka\/","title":{"rendered":"Tietosuojapolitiikka"},"content":{"rendered":"\n<h2 class=\"wp-block-heading\"><strong>Skillan alumni ry:n tietosuojapolitiikka<\/strong><\/h2>\n\n\n\n<p>Viimeisin muutos: 15.11.2019<\/p>\n\n\n\n<p>T\u00e4ll\u00e4 sivulla kuvataan Skillan alumni ry:n hallussa olevien henkil\u00f6rekisterien k\u00e4sittely.<\/p>\n\n\n\n<h3 class=\"wp-block-heading\"><strong>Tietosuojaselosteet:<\/strong><\/h3>\n\n\n\n<p>Yhdistyksen hallussa on t\u00e4ll\u00e4 hetkell\u00e4 seuraavat rekisterit:<\/p>\n\n\n\n<ul class=\"wp-block-list\"><li>Tietosuojaseloste: J\u00e4senrekisteri<\/li><li>Tietosuojaseloste: Tapahtumarekisteri<\/li><\/ul>\n\n\n\n<p>T\u00e4m\u00e4 dokumentti sek\u00e4 mainittujen rekisterien rekisteriselosteet tulee p\u00e4ivitt\u00e4\u00e4 vuosittain aina hallituksen vaihduttua, viimeist\u00e4\u00e4n tammikuun 31. p\u00e4iv\u00e4n\u00e4. Vastuu p\u00e4ivityksest\u00e4 on nimetyll\u00e4 rekisterivastaavalla tai erityistapauksissa puheenjohtajalla.<\/p>\n\n\n\n<h3 class=\"wp-block-heading\"><strong>Tietosuojarekisterien k\u00e4ytt\u00f6oikeudet<\/strong><\/h3>\n\n\n\n<p>Tietosuojarekisterin k\u00e4ytt\u00f6oikeudet on rajattu yhdistyksen niille hallituksen j\u00e4senille jotka osallistuvat j\u00e4sentoiminnan j\u00e4rjest\u00e4miseen ja j\u00e4senyyksien hallinnointiin. Oletuksena koko yhdistyksen hallitus kuuluu t\u00e4m\u00e4n rajauksen piiriin.<\/p>\n\n\n\n<p>Rekisterin k\u00e4ytt\u00f6oikeudet tarkistetaan ja p\u00e4ivitet\u00e4\u00e4n hallituksen toimikauden vaihtuessa tammikuun 31. p\u00e4iv\u00e4\u00e4n menness\u00e4. Vastuu p\u00e4ivitt\u00e4misest\u00e4 on erikseen nimetyll\u00e4 hallituksen rekisterivastaavalla tai nimetyn rekisterivastaavan puuttuessa yhdistyksen hallituksen puheenjohtajalla.&nbsp;<\/p>\n\n\n\n<h3 class=\"wp-block-heading\"><strong>Tietojen elinkaari<\/strong><\/h3>\n\n\n\n<p>Rekistereiss\u00e4 s\u00e4ilytet\u00e4\u00e4n tietoa tarveperusteisesti. S\u00e4\u00e4nt\u00f6jen vaatimien nimen ja kotipaikan lis\u00e4ksi yhdistyksen j\u00e4senist\u00e4 s\u00e4ilytet\u00e4\u00e4n muita tietoja jotka edist\u00e4v\u00e4t yhdistyksen tarkoitusta. J\u00e4senen tiedot poistetaan j\u00e4senen erotessa tai yhdistyksest\u00e4 erotettaessa j\u00e4senrekisterin tietosuojaselosteen mukaisesti.<\/p>\n\n\n\n<p>Tapahtumarekisterin tapahtumakohtaisia henkil\u00f6tietoja s\u00e4ilytet\u00e4\u00e4n kunnes tapahtuman hallinnolliset vaatimukset kuten osallistumismaksut ovat t\u00e4ytetty.&nbsp;<\/p>\n\n\n\n<h3 class=\"wp-block-heading\"><strong>Tietosuojan tekninen varmistaminen<\/strong><\/h3>\n\n\n\n<p>J\u00e4senrekisteri s\u00e4ilytet\u00e4\u00e4n Google LLC:n (Google Drive) palvelimilla sek\u00e4 t\u00e4m\u00e4n varmuuskopiota Pulse247:n (MyCashflow) palvelimilla. Tapahtumarekisteri s\u00e4ilytet\u00e4\u00e4n Google LLC:n palvelimilla.<\/p>\n\n\n\n<h3 class=\"wp-block-heading\"><strong>Henkil\u00f6n oikeus pyyt\u00e4\u00e4 ja korjata tietonsa<\/strong><\/h3>\n\n\n\n<p>Yhdistyksen j\u00e4senill\u00e4 on oikeus kirjallisesti pyyt\u00e4\u00e4 yhdistyksen h\u00e4nest\u00e4 tallentamat tiedot tiedoksi ja korjattavaksi. Pyynn\u00f6t toimitetaan yhdistyksen hallituksen rekisterivastaavalle tai puheenjohtajalle s\u00e4hk\u00f6postitse. Yhdistys vastaa tieto- ja korjauspyynt\u00f6ihin viiveett\u00e4, kuitenkin viimeist\u00e4\u00e4n kahden viikon sis\u00e4ll\u00e4 kirjallisesta pyynn\u00f6st\u00e4.&nbsp;<\/p>\n\n\n\n<p>Tieto- ja korjauspyynt\u00f6jen esitt\u00e4j\u00e4n on tarvittaessa todennettava henkil\u00f6llisyytens\u00e4.<br><\/p>\n","protected":false},"excerpt":{"rendered":"<p>Skillan alumni ry:n tietosuojapolitiikka Viimeisin muutos: 15.11.2019 T\u00e4ll\u00e4 sivulla kuvataan Skillan alumni ry:n hallussa olevien henkil\u00f6rekisterien k\u00e4sittely. Tietosuojaselosteet: Yhdistyksen hallussa on t\u00e4ll\u00e4 hetkell\u00e4 seuraavat rekisterit: Tietosuojaseloste: J\u00e4senrekisteri Tietosuojaseloste: Tapahtumarekisteri T\u00e4m\u00e4 dokumentti sek\u00e4 mainittujen rekisterien rekisteriselosteet tulee p\u00e4ivitt\u00e4\u00e4 vuosittain aina hallituksen vaihduttua, viimeist\u00e4\u00e4n tammikuun 31. p\u00e4iv\u00e4n\u00e4. Vastuu p\u00e4ivityksest\u00e4 on nimetyll\u00e4 rekisterivastaavalla tai erityistapauksissa puheenjohtajalla. Tietosuojarekisterien k\u00e4ytt\u00f6oikeudet Tietosuojarekisterin k\u00e4ytt\u00f6oikeudet on rajattu yhdistyksen niille hallituksen j\u00e4senille jotka osallistuvat j\u00e4sentoiminnan j\u00e4rjest\u00e4miseen ja j\u00e4senyyksien&hellip;<\/p>\n<p> <a class=\"more-link\" href=\"http:\/\/www.skillanalumni.fi\/index.php\/yhdistys\/tietosuojapolitiikka\/\">Read more<\/a><\/p>\n","protected":false},"author":1,"featured_media":0,"parent":21,"menu_order":1,"comment_status":"closed","ping_status":"closed","template":"","meta":{"footnotes":""},"class_list":["post-83","page","type-page","status-publish"],"featured_image_src":null,"_links":{"self":[{"href":"http:\/\/www.skillanalumni.fi\/index.php\/wp-json\/wp\/v2\/pages\/83","targetHints":{"allow":["GET"]}}],"collection":[{"href":"http:\/\/www.skillanalumni.fi\/index.php\/wp-json\/wp\/v2\/pages"}],"about":[{"href":"http:\/\/www.skillanalumni.fi\/index.php\/wp-json\/wp\/v2\/types\/page"}],"author":[{"embeddable":true,"href":"http:\/\/www.skillanalumni.fi\/index.php\/wp-json\/wp\/v2\/users\/1"}],"replies":[{"embeddable":true,"href":"http:\/\/www.skillanalumni.fi\/index.php\/wp-json\/wp\/v2\/comments?post=83"}],"version-history":[{"count":1,"href":"http:\/\/www.skillanalumni.fi\/index.php\/wp-json\/wp\/v2\/pages\/83\/revisions"}],"predecessor-version":[{"id":84,"href":"http:\/\/www.skillanalumni.fi\/index.php\/wp-json\/wp\/v2\/pages\/83\/revisions\/84"}],"up":[{"embeddable":true,"href":"http:\/\/www.skillanalumni.fi\/index.php\/wp-json\/wp\/v2\/pages\/21"}],"wp:attachment":[{"href":"http:\/\/www.skillanalumni.fi\/index.php\/wp-json\/wp\/v2\/media?parent=83"}],"curies":[{"name":"wp","href":"https:\/\/api.w.org\/{rel}","templated":true}]}}